{"id":557,"date":"2020-07-01T17:35:21","date_gmt":"2020-07-01T15:35:21","guid":{"rendered":"https:\/\/cityadpro.com\/?post_type=product&#038;p=557"},"modified":"2025-02-12T12:59:30","modified_gmt":"2025-02-12T11:59:30","slug":"plan","status":"publish","type":"product","link":"https:\/\/cityadpro.com\/en\/product\/plan\/","title":{"rendered":"Plan"},"content":{"rendered":"<div data-elementor-type=\"wp-post\" data-elementor-id=\"557\" class=\"elementor elementor-557\">\n\t\t\t\t\t\t<section class=\"elementor-section elementor-top-section elementor-element elementor-element-103d894 elementor-section-boxed elementor-section-height-default elementor-section-height-default\" data-id=\"103d894\" data-element_type=\"section\" data-settings=\"{&quot;jet_parallax_layout_list&quot;:[]}\">\n\t\t\t\t\t\t<div class=\"elementor-container elementor-column-gap-default\">\n\t\t\t\t\t<div class=\"elementor-column elementor-col-100 elementor-top-column elementor-element elementor-element-3e1215e\" data-id=\"3e1215e\" data-element_type=\"column\">\n\t\t\t<div class=\"elementor-widget-wrap elementor-element-populated\">\n\t\t\t\t\t\t<div class=\"elementor-element elementor-element-92bfbb5 elementor-widget elementor-widget-text-editor\" data-id=\"92bfbb5\" data-element_type=\"widget\" data-widget_type=\"text-editor.default\">\n\t\t\t\t<div class=\"elementor-widget-container\">\n\t\t\t\t\t\t\t\t\t<h2>Subscribe to CityAd Pro today<\/h2><p>And start publishing content on your digital signage screens!\u00a0<\/p><p>Choose between the Standard or Premium plans, and select either monthly or annual billing.<\/p><p><strong>Standard:<\/strong> 1, 2, or 3 screens, 1GB of storage, images, video and audio, web pages and HTML, widgets, video and audio streaming, priority email support.<\/p><p><strong>Premium:<\/strong> Up to 6 screens, 2GB of storage, images, video and audio, web pages and HTML, video and audio streaming, widgets, priority email support.<\/p><p>Need more information about plans and pricing?<\/p>\t\t\t\t\t\t\t\t<\/div>\n\t\t\t\t<\/div>\n\t\t\t\t\t<\/div>\n\t\t<\/div>\n\t\t\t\t\t<\/div>\n\t\t<\/section>\n\t\t\t\t<\/div>","protected":false},"excerpt":{"rendered":"<p>Contrata tu suscripci\u00f3n de CityAd Pro hoy mismo Y empieza a publicar contenido en tus pantallas de carteler\u00eda digital!\u00a0 Elige entre los planes Est\u00e1ndar o Premium, y si quieres contratar la modalidad mensual o anual. Est\u00e1ndar: 1, 2 o 3 Pantallas, 1GB de Almacenamiento, Imagen, V\u00eddeo y Audio, P\u00e1ginas web y HTML, Widgets, Streaming V\u00eddeo [&hellip;]<\/p>","protected":false},"featured_media":894,"template":"","meta":{"_acf_changed":false},"product_brand":[],"product_cat":[26],"product_tag":[],"class_list":{"0":"post-557","1":"product","2":"type-product","3":"status-publish","4":"has-post-thumbnail","6":"product_cat-planes","8":"first","9":"instock","10":"sold-individually","11":"taxable","12":"shipping-taxable","13":"purchasable","14":"product-type-variable-subscription"},"acf":[],"_links":{"self":[{"href":"https:\/\/cityadpro.com\/en\/wp-json\/wp\/v2\/product\/557","targetHints":{"allow":["GET"]}}],"collection":[{"href":"https:\/\/cityadpro.com\/en\/wp-json\/wp\/v2\/product"}],"about":[{"href":"https:\/\/cityadpro.com\/en\/wp-json\/wp\/v2\/types\/product"}],"version-history":[{"count":16,"href":"https:\/\/cityadpro.com\/en\/wp-json\/wp\/v2\/product\/557\/revisions"}],"predecessor-version":[{"id":3269,"href":"https:\/\/cityadpro.com\/en\/wp-json\/wp\/v2\/product\/557\/revisions\/3269"}],"wp:featuredmedia":[{"embeddable":true,"href":"https:\/\/cityadpro.com\/en\/wp-json\/wp\/v2\/media\/894"}],"wp:attachment":[{"href":"https:\/\/cityadpro.com\/en\/wp-json\/wp\/v2\/media?parent=557"}],"wp:term":[{"taxonomy":"product_brand","embeddable":true,"href":"https:\/\/cityadpro.com\/en\/wp-json\/wp\/v2\/product_brand?post=557"},{"taxonomy":"product_cat","embeddable":true,"href":"https:\/\/cityadpro.com\/en\/wp-json\/wp\/v2\/product_cat?post=557"},{"taxonomy":"product_tag","embeddable":true,"href":"https:\/\/cityadpro.com\/en\/wp-json\/wp\/v2\/product_tag?post=557"}],"curies":[{"name":"wp","href":"https:\/\/api.w.org\/{rel}","templated":true}]}}