{"id":1841,"date":"2020-12-11T14:19:05","date_gmt":"2020-12-11T13:19:05","guid":{"rendered":"https:\/\/cityadpro.com\/?page_id=1841"},"modified":"2025-05-01T11:50:19","modified_gmt":"2025-05-01T09:50:19","slug":"cityad-pro-blog","status":"publish","type":"page","link":"https:\/\/cityadpro.com\/en\/cityad-pro-blog\/","title":{"rendered":"Our Blog"},"content":{"rendered":"<div data-elementor-type=\"wp-page\" data-elementor-id=\"1841\" class=\"elementor elementor-1841\">\n\t\t\t\t\t\t<section class=\"elementor-section elementor-top-section elementor-element elementor-element-1116e4b elementor-section-boxed elementor-section-height-default elementor-section-height-default\" data-id=\"1116e4b\" data-element_type=\"section\" data-settings=\"{&quot;jet_parallax_layout_list&quot;:[{&quot;jet_parallax_layout_image&quot;:{&quot;url&quot;:&quot;&quot;,&quot;id&quot;:&quot;&quot;,&quot;size&quot;:&quot;&quot;},&quot;_id&quot;:&quot;df0ff7a&quot;,&quot;jet_parallax_layout_image_tablet&quot;:{&quot;url&quot;:&quot;&quot;,&quot;id&quot;:&quot;&quot;,&quot;size&quot;:&quot;&quot;},&quot;jet_parallax_layout_image_mobile&quot;:{&quot;url&quot;:&quot;&quot;,&quot;id&quot;:&quot;&quot;,&quot;size&quot;:&quot;&quot;},&quot;jet_parallax_layout_speed&quot;:{&quot;unit&quot;:&quot;%&quot;,&quot;size&quot;:50,&quot;sizes&quot;:[]},&quot;jet_parallax_layout_type&quot;:&quot;scroll&quot;,&quot;jet_parallax_layout_direction&quot;:&quot;1&quot;,&quot;jet_parallax_layout_fx_direction&quot;:null,&quot;jet_parallax_layout_z_index&quot;:&quot;&quot;,&quot;jet_parallax_layout_bg_x&quot;:50,&quot;jet_parallax_layout_bg_x_tablet&quot;:&quot;&quot;,&quot;jet_parallax_layout_bg_x_mobile&quot;:&quot;&quot;,&quot;jet_parallax_layout_bg_y&quot;:50,&quot;jet_parallax_layout_bg_y_tablet&quot;:&quot;&quot;,&quot;jet_parallax_layout_bg_y_mobile&quot;:&quot;&quot;,&quot;jet_parallax_layout_bg_size&quot;:&quot;auto&quot;,&quot;jet_parallax_layout_bg_size_tablet&quot;:&quot;&quot;,&quot;jet_parallax_layout_bg_size_mobile&quot;:&quot;&quot;,&quot;jet_parallax_layout_animation_prop&quot;:&quot;transform&quot;,&quot;jet_parallax_layout_on&quot;:[&quot;desktop&quot;,&quot;tablet&quot;]}]}\">\n\t\t\t\t\t\t<div class=\"elementor-container elementor-column-gap-default\">\n\t\t\t\t\t<div class=\"elementor-column elementor-col-100 elementor-top-column elementor-element elementor-element-d433103\" data-id=\"d433103\" data-element_type=\"column\">\n\t\t\t<div class=\"elementor-widget-wrap elementor-element-populated\">\n\t\t\t\t\t\t<div class=\"elementor-element elementor-element-9e32972 elementor-widget elementor-widget-heading\" data-id=\"9e32972\" data-element_type=\"widget\" data-widget_type=\"heading.default\">\n\t\t\t\t<div class=\"elementor-widget-container\">\n\t\t\t\t\t<h2 class=\"elementor-heading-title elementor-size-default\">Our Blog<\/h2>\t\t\t\t<\/div>\n\t\t\t\t<\/div>\n\t\t\t\t<div class=\"elementor-element elementor-element-1412e70 elementor-widget elementor-widget-text-editor\" data-id=\"1412e70\" data-element_type=\"widget\" data-widget_type=\"text-editor.default\">\n\t\t\t\t<div class=\"elementor-widget-container\">\n\t\t\t\t\t\t\t\t\t<p>Discover articles and news about digital signage, tips and advice on how to create and manage the content on your advertising screens, plus ideas and updates from the industry.<\/p>\t\t\t\t\t\t\t\t<\/div>\n\t\t\t\t<\/div>\n\t\t\t\t\t<\/div>\n\t\t<\/div>\n\t\t\t\t\t<\/div>\n\t\t<\/section>\n\t\t\t\t<section class=\"elementor-section elementor-top-section elementor-element elementor-element-64292c4 elementor-section-boxed elementor-section-height-default elementor-section-height-default\" data-id=\"64292c4\" data-element_type=\"section\" data-settings=\"{&quot;jet_parallax_layout_list&quot;:[{&quot;jet_parallax_layout_image&quot;:{&quot;url&quot;:&quot;&quot;,&quot;id&quot;:&quot;&quot;,&quot;size&quot;:&quot;&quot;},&quot;_id&quot;:&quot;f6d5742&quot;,&quot;jet_parallax_layout_image_tablet&quot;:{&quot;url&quot;:&quot;&quot;,&quot;id&quot;:&quot;&quot;,&quot;size&quot;:&quot;&quot;},&quot;jet_parallax_layout_image_mobile&quot;:{&quot;url&quot;:&quot;&quot;,&quot;id&quot;:&quot;&quot;,&quot;size&quot;:&quot;&quot;},&quot;jet_parallax_layout_speed&quot;:{&quot;unit&quot;:&quot;%&quot;,&quot;size&quot;:50,&quot;sizes&quot;:[]},&quot;jet_parallax_layout_type&quot;:&quot;scroll&quot;,&quot;jet_parallax_layout_direction&quot;:&quot;1&quot;,&quot;jet_parallax_layout_fx_direction&quot;:null,&quot;jet_parallax_layout_z_index&quot;:&quot;&quot;,&quot;jet_parallax_layout_bg_x&quot;:50,&quot;jet_parallax_layout_bg_x_tablet&quot;:&quot;&quot;,&quot;jet_parallax_layout_bg_x_mobile&quot;:&quot;&quot;,&quot;jet_parallax_layout_bg_y&quot;:50,&quot;jet_parallax_layout_bg_y_tablet&quot;:&quot;&quot;,&quot;jet_parallax_layout_bg_y_mobile&quot;:&quot;&quot;,&quot;jet_parallax_layout_bg_size&quot;:&quot;auto&quot;,&quot;jet_parallax_layout_bg_size_tablet&quot;:&quot;&quot;,&quot;jet_parallax_layout_bg_size_mobile&quot;:&quot;&quot;,&quot;jet_parallax_layout_animation_prop&quot;:&quot;transform&quot;,&quot;jet_parallax_layout_on&quot;:[&quot;desktop&quot;,&quot;tablet&quot;]}]}\">\n\t\t\t\t\t\t<div class=\"elementor-container elementor-column-gap-default\">\n\t\t\t\t\t<div class=\"elementor-column elementor-col-100 elementor-top-column elementor-element elementor-element-62ce67e\" data-id=\"62ce67e\" data-element_type=\"column\">\n\t\t\t<div class=\"elementor-widget-wrap elementor-element-populated\">\n\t\t\t\t\t\t<div class=\"elementor-element elementor-element-7dd34fd elementor-widget elementor-widget-raven-posts\" data-id=\"7dd34fd\" data-element_type=\"widget\" data-settings=\"{&quot;classic_columns&quot;:&quot;1&quot;,&quot;classic_columns_tablet&quot;:&quot;1&quot;,&quot;classic_show_pagination&quot;:&quot;yes&quot;,&quot;classic_pagination_type&quot;:&quot;infinite_load&quot;,&quot;_skin&quot;:&quot;classic&quot;,&quot;classic_layout&quot;:&quot;grid&quot;,&quot;classic_columns_mobile&quot;:&quot;1&quot;,&quot;query_posts_per_page&quot;:6,&quot;query_offset&quot;:0}\" data-widget_type=\"raven-posts.classic\">\n\t\t\t\t<div class=\"elementor-widget-container\">\n\t\t\t\t\t\t\t<div class=\"raven-posts raven-grid raven-grid-1 raven-grid-mobile-1 raven-grid-tablet-1\" data-post-id=\"1841\" data-archive-query=\"\" data-lang=\"\">\n\t\t\t\t<div class=\"raven-grid-item raven-post-item post-2779 post type-post status-publish format-standard has-post-thumbnail hentry category-cityad-pro tag-engagement tag-marketing-digital\">\n\t\t\t<div class=\"raven-post raven-post-inline raven-post-inline-left\">\n\t\t\t\t\t\t<div class=\"raven-post-image-wrap\">\n\t\t\t<a class=\"raven-post-image raven-image-fit\" href=\"https:\/\/cityadpro.com\/en\/2022\/02\/28\/cityad-pro-engagement-clientes\/\"><img fetchpriority=\"high\" decoding=\"async\" width=\"300\" height=\"200\" src=\"https:\/\/cityadpro.com\/wp-content\/uploads\/2022\/02\/como-generar-mas-engagement-con-tus-clientes-con-cityad-pro-300x200.jpeg\" class=\"attachment-medium size-medium wp-image-2780\" alt=\"CityAD Pro engagement clientes\" srcset=\"https:\/\/cityadpro.com\/wp-content\/uploads\/2022\/02\/como-generar-mas-engagement-con-tus-clientes-con-cityad-pro-300x200.jpeg 300w, https:\/\/cityadpro.com\/wp-content\/uploads\/2022\/02\/como-generar-mas-engagement-con-tus-clientes-con-cityad-pro-768x512.jpeg 768w, https:\/\/cityadpro.com\/wp-content\/uploads\/2022\/02\/como-generar-mas-engagement-con-tus-clientes-con-cityad-pro-600x400.jpeg 600w, https:\/\/cityadpro.com\/wp-content\/uploads\/2022\/02\/como-generar-mas-engagement-con-tus-clientes-con-cityad-pro.jpeg 1000w\" sizes=\"(max-width: 300px) 100vw, 300px\" \/> <span class=\"raven-post-image-overlay\"><\/span><\/a>\t\t<\/div>\n\t\t\t\t\t\t<div class=\"raven-post-content\">\n\t\t\t\t\t<h3 class=\"raven-post-title\"><a class=\"raven-post-title-link\" href=\"https:\/\/cityadpro.com\/en\/2022\/02\/28\/cityad-pro-engagement-clientes\/\">C\u00f3mo generar m\u00e1s engagement con tus clientes con CityAD Pro<\/a><\/h3>\t\t<div class=\"raven-post-meta\"><a class=\"raven-post-meta-item raven-post-date\" href=\"https:\/\/cityadpro.com\/en\/2022\/02\/\" rel=\"bookmark\">28\/02\/2022<\/a>\n<span class=\"raven-post-meta-divider\">\/<\/span>\n<span class=\"raven-post-meta-item raven-post-tags\"><a href=\"https:\/\/cityadpro.com\/en\/tag\/engagement\/\" rel=\"tag\">engagement<\/a>, <a href=\"https:\/\/cityadpro.com\/en\/tag\/marketing-digital\/\" rel=\"tag\">marketing digital<\/a><\/span><\/div>\n\t\t<div class=\"raven-post-excerpt\">La experiencia del cliente es un factor determinante en la actualidad para tener \u00e9xito como empresas y diferenciarse<\/div>\t\t<div class=\"raven-post-read-more\">\n\t\t\t<a class=\"raven-post-button\" href=\"https:\/\/cityadpro.com\/en\/2022\/02\/28\/cityad-pro-engagement-clientes\/\"><span class=\"raven-post-button-text\">Read More<\/span><\/a>\n\t\t<\/div>\n\t\t\t\t\t\t<\/div>\n\t\t\t<\/div>\n\t\t<\/div>\n\t\t\t\t<div class=\"raven-grid-item raven-post-item post-2768 post type-post status-publish format-standard has-post-thumbnail hentry category-publicidad category-cityad-pro tag-escaparatismo tag-publicidad-en-punto-de-venta\">\n\t\t\t<div class=\"raven-post raven-post-inline raven-post-inline-left\">\n\t\t\t\t\t\t<div class=\"raven-post-image-wrap\">\n\t\t\t<a class=\"raven-post-image raven-image-fit\" href=\"https:\/\/cityadpro.com\/en\/2022\/02\/21\/escaparate-interactivo-2\/\"><img decoding=\"async\" width=\"300\" height=\"200\" src=\"https:\/\/cityadpro.com\/wp-content\/uploads\/2022\/02\/ventajas-escaparate-interactivo-739-300x200.jpeg\" class=\"attachment-medium size-medium wp-image-2769\" alt=\"escaparate interactivo\" srcset=\"https:\/\/cityadpro.com\/wp-content\/uploads\/2022\/02\/ventajas-escaparate-interactivo-739-300x200.jpeg 300w, https:\/\/cityadpro.com\/wp-content\/uploads\/2022\/02\/ventajas-escaparate-interactivo-739-768x513.jpeg 768w, https:\/\/cityadpro.com\/wp-content\/uploads\/2022\/02\/ventajas-escaparate-interactivo-739-600x401.jpeg 600w, https:\/\/cityadpro.com\/wp-content\/uploads\/2022\/02\/ventajas-escaparate-interactivo-739.jpeg 999w\" sizes=\"(max-width: 300px) 100vw, 300px\" \/> <span class=\"raven-post-image-overlay\"><\/span><\/a>\t\t<\/div>\n\t\t\t\t\t\t<div class=\"raven-post-content\">\n\t\t\t\t\t<h3 class=\"raven-post-title\"><a class=\"raven-post-title-link\" href=\"https:\/\/cityadpro.com\/en\/2022\/02\/21\/escaparate-interactivo-2\/\">Ventajas de tener un escaparate interactivo<\/a><\/h3>\t\t<div class=\"raven-post-meta\"><a class=\"raven-post-meta-item raven-post-date\" href=\"https:\/\/cityadpro.com\/en\/2022\/02\/\" rel=\"bookmark\">21\/02\/2022<\/a>\n<span class=\"raven-post-meta-divider\">\/<\/span>\n<span class=\"raven-post-meta-item raven-post-tags\"><a href=\"https:\/\/cityadpro.com\/en\/tag\/escaparatismo\/\" rel=\"tag\">escaparatismo<\/a>, <a href=\"https:\/\/cityadpro.com\/en\/tag\/publicidad-en-punto-de-venta\/\" rel=\"tag\">publicidad en punto de venta<\/a><\/span><\/div>\n\t\t<div class=\"raven-post-excerpt\">\u00bfSabes&nbsp;qu\u00e9 es el escaparatismo? Consiste en organizar y decorar el escaparate de una tienda de forma que los<\/div>\t\t<div class=\"raven-post-read-more\">\n\t\t\t<a class=\"raven-post-button\" href=\"https:\/\/cityadpro.com\/en\/2022\/02\/21\/escaparate-interactivo-2\/\"><span class=\"raven-post-button-text\">Read More<\/span><\/a>\n\t\t<\/div>\n\t\t\t\t\t\t<\/div>\n\t\t\t<\/div>\n\t\t<\/div>\n\t\t\t\t<div class=\"raven-grid-item raven-post-item post-2759 post type-post status-publish format-standard has-post-thumbnail hentry category-publicidad-digital tag-casos-de-exito tag-publicidad-para-pantallas\">\n\t\t\t<div class=\"raven-post raven-post-inline raven-post-inline-left\">\n\t\t\t\t\t\t<div class=\"raven-post-image-wrap\">\n\t\t\t<a class=\"raven-post-image raven-image-fit\" href=\"https:\/\/cityadpro.com\/en\/2022\/02\/14\/publicidad-digital-casos-exito\/\"><img decoding=\"async\" width=\"300\" height=\"214\" src=\"https:\/\/cityadpro.com\/wp-content\/uploads\/2022\/02\/casos-exito-publicidad-digital-739-300x214.jpeg\" class=\"attachment-medium size-medium wp-image-2760\" alt=\"publicidad digital\" srcset=\"https:\/\/cityadpro.com\/wp-content\/uploads\/2022\/02\/casos-exito-publicidad-digital-739-300x214.jpeg 300w, https:\/\/cityadpro.com\/wp-content\/uploads\/2022\/02\/casos-exito-publicidad-digital-739-768x549.jpeg 768w, https:\/\/cityadpro.com\/wp-content\/uploads\/2022\/02\/casos-exito-publicidad-digital-739-600x429.jpeg 600w, https:\/\/cityadpro.com\/wp-content\/uploads\/2022\/02\/casos-exito-publicidad-digital-739.jpeg 999w\" sizes=\"(max-width: 300px) 100vw, 300px\" \/> <span class=\"raven-post-image-overlay\"><\/span><\/a>\t\t<\/div>\n\t\t\t\t\t\t<div class=\"raven-post-content\">\n\t\t\t\t\t<h3 class=\"raven-post-title\"><a class=\"raven-post-title-link\" href=\"https:\/\/cityadpro.com\/en\/2022\/02\/14\/publicidad-digital-casos-exito\/\">Casos de \u00e9xito de publicidad digital<\/a><\/h3>\t\t<div class=\"raven-post-meta\"><a class=\"raven-post-meta-item raven-post-date\" href=\"https:\/\/cityadpro.com\/en\/2022\/02\/\" rel=\"bookmark\">14\/02\/2022<\/a>\n<span class=\"raven-post-meta-divider\">\/<\/span>\n<span class=\"raven-post-meta-item raven-post-tags\"><a href=\"https:\/\/cityadpro.com\/en\/tag\/casos-de-exito\/\" rel=\"tag\">casos de \u00e9xito<\/a>, <a href=\"https:\/\/cityadpro.com\/en\/tag\/publicidad-para-pantallas\/\" rel=\"tag\">publicidad para pantallas<\/a><\/span><\/div>\n\t\t<div class=\"raven-post-excerpt\">Los consumidores son los que dictan el camino a seguir para las empresas. Puesto que la presencia de<\/div>\t\t<div class=\"raven-post-read-more\">\n\t\t\t<a class=\"raven-post-button\" href=\"https:\/\/cityadpro.com\/en\/2022\/02\/14\/publicidad-digital-casos-exito\/\"><span class=\"raven-post-button-text\">Read More<\/span><\/a>\n\t\t<\/div>\n\t\t\t\t\t\t<\/div>\n\t\t\t<\/div>\n\t\t<\/div>\n\t\t\t\t<div class=\"raven-grid-item raven-post-item post-2752 post type-post status-publish format-standard has-post-thumbnail hentry category-cityad-pro category-usos-y-aplicaciones tag-marketing-de-espera tag-wait-marketing\">\n\t\t\t<div class=\"raven-post raven-post-inline raven-post-inline-left\">\n\t\t\t\t\t\t<div class=\"raven-post-image-wrap\">\n\t\t\t<a class=\"raven-post-image raven-image-fit\" href=\"https:\/\/cityadpro.com\/en\/2022\/02\/07\/videos-salas-espera\/\"><img loading=\"lazy\" decoding=\"async\" width=\"300\" height=\"200\" src=\"https:\/\/cityadpro.com\/wp-content\/uploads\/2022\/02\/videos-salas-espera-739-300x200.jpeg\" class=\"attachment-medium size-medium wp-image-2753\" alt=\"v\u00eddeos para salas de espera\" srcset=\"https:\/\/cityadpro.com\/wp-content\/uploads\/2022\/02\/videos-salas-espera-739-300x200.jpeg 300w, https:\/\/cityadpro.com\/wp-content\/uploads\/2022\/02\/videos-salas-espera-739-768x512.jpeg 768w, https:\/\/cityadpro.com\/wp-content\/uploads\/2022\/02\/videos-salas-espera-739-600x400.jpeg 600w, https:\/\/cityadpro.com\/wp-content\/uploads\/2022\/02\/videos-salas-espera-739.jpeg 1000w\" sizes=\"(max-width: 300px) 100vw, 300px\" \/> <span class=\"raven-post-image-overlay\"><\/span><\/a>\t\t<\/div>\n\t\t\t\t\t\t<div class=\"raven-post-content\">\n\t\t\t\t\t<h3 class=\"raven-post-title\"><a class=\"raven-post-title-link\" href=\"https:\/\/cityadpro.com\/en\/2022\/02\/07\/videos-salas-espera\/\">Videos para salas de espera: \u00bfc\u00f3mo deben ser?<\/a><\/h3>\t\t<div class=\"raven-post-meta\"><a class=\"raven-post-meta-item raven-post-date\" href=\"https:\/\/cityadpro.com\/en\/2022\/02\/\" rel=\"bookmark\">07\/02\/2022<\/a>\n<span class=\"raven-post-meta-divider\">\/<\/span>\n<span class=\"raven-post-meta-item raven-post-tags\"><a href=\"https:\/\/cityadpro.com\/en\/tag\/marketing-de-espera\/\" rel=\"tag\">marketing de espera<\/a>, <a href=\"https:\/\/cityadpro.com\/en\/tag\/wait-marketing\/\" rel=\"tag\">wait marketing<\/a><\/span><\/div>\n\t\t<div class=\"raven-post-excerpt\">Los&nbsp;v\u00eddeos para salas de espera&nbsp;forman parte del llamado&nbsp;wait marketing&nbsp;o marketing de espera. Una estrategia que persigue aprovechar el<\/div>\t\t<div class=\"raven-post-read-more\">\n\t\t\t<a class=\"raven-post-button\" href=\"https:\/\/cityadpro.com\/en\/2022\/02\/07\/videos-salas-espera\/\"><span class=\"raven-post-button-text\">Read More<\/span><\/a>\n\t\t<\/div>\n\t\t\t\t\t\t<\/div>\n\t\t\t<\/div>\n\t\t<\/div>\n\t\t\t\t<div class=\"raven-grid-item raven-post-item post-2706 post type-post status-publish format-standard has-post-thumbnail hentry category-publicidad tag-escaparates tag-publicidad-en-el-lugar-de-venta\">\n\t\t\t<div class=\"raven-post raven-post-inline raven-post-inline-left\">\n\t\t\t\t\t\t<div class=\"raven-post-image-wrap\">\n\t\t\t<a class=\"raven-post-image raven-image-fit\" href=\"https:\/\/cityadpro.com\/en\/2022\/01\/31\/publicidad-escaparates\/\"><img loading=\"lazy\" decoding=\"async\" width=\"300\" height=\"200\" src=\"https:\/\/cityadpro.com\/wp-content\/uploads\/2022\/01\/publicidad-escaparates-739-300x200.jpeg\" class=\"attachment-medium size-medium wp-image-2707\" alt=\"publicidad para escaparates\" srcset=\"https:\/\/cityadpro.com\/wp-content\/uploads\/2022\/01\/publicidad-escaparates-739-300x200.jpeg 300w, https:\/\/cityadpro.com\/wp-content\/uploads\/2022\/01\/publicidad-escaparates-739-768x512.jpeg 768w, https:\/\/cityadpro.com\/wp-content\/uploads\/2022\/01\/publicidad-escaparates-739-600x400.jpeg 600w, https:\/\/cityadpro.com\/wp-content\/uploads\/2022\/01\/publicidad-escaparates-739.jpeg 1000w\" sizes=\"(max-width: 300px) 100vw, 300px\" \/> <span class=\"raven-post-image-overlay\"><\/span><\/a>\t\t<\/div>\n\t\t\t\t\t\t<div class=\"raven-post-content\">\n\t\t\t\t\t<h3 class=\"raven-post-title\"><a class=\"raven-post-title-link\" href=\"https:\/\/cityadpro.com\/en\/2022\/01\/31\/publicidad-escaparates\/\">Publicidad para escaparates<\/a><\/h3>\t\t<div class=\"raven-post-meta\"><a class=\"raven-post-meta-item raven-post-date\" href=\"https:\/\/cityadpro.com\/en\/2022\/01\/\" rel=\"bookmark\">31\/01\/2022<\/a>\n<span class=\"raven-post-meta-divider\">\/<\/span>\n<span class=\"raven-post-meta-item raven-post-tags\"><a href=\"https:\/\/cityadpro.com\/en\/tag\/escaparates\/\" rel=\"tag\">escaparates<\/a>, <a href=\"https:\/\/cityadpro.com\/en\/tag\/publicidad-en-el-lugar-de-venta\/\" rel=\"tag\">publicidad en el lugar de venta<\/a><\/span><\/div>\n\t\t<div class=\"raven-post-excerpt\">La transformaci\u00f3n digital ha llevado a la mayor\u00eda de las empresas a dise\u00f1ar estrategias de publicidad y marketing<\/div>\t\t<div class=\"raven-post-read-more\">\n\t\t\t<a class=\"raven-post-button\" href=\"https:\/\/cityadpro.com\/en\/2022\/01\/31\/publicidad-escaparates\/\"><span class=\"raven-post-button-text\">Read More<\/span><\/a>\n\t\t<\/div>\n\t\t\t\t\t\t<\/div>\n\t\t\t<\/div>\n\t\t<\/div>\n\t\t\t\t<div class=\"raven-grid-item raven-post-item post-2702 post type-post status-publish format-standard has-post-thumbnail hentry category-cityad-pro category-usos-y-aplicaciones tag-restaurantes tag-software-de-gestion tag-ventajas-de-cityad-pro\">\n\t\t\t<div class=\"raven-post raven-post-inline raven-post-inline-left\">\n\t\t\t\t\t\t<div class=\"raven-post-image-wrap\">\n\t\t\t<a class=\"raven-post-image raven-image-fit\" href=\"https:\/\/cityadpro.com\/en\/2022\/01\/24\/pantallas-digitales-2\/\"><img loading=\"lazy\" decoding=\"async\" width=\"300\" height=\"169\" src=\"https:\/\/cityadpro.com\/wp-content\/uploads\/2022\/01\/pantallas-digitales-tu-beneficios-739-300x169.jpeg\" class=\"attachment-medium size-medium wp-image-2703\" alt=\"pantallas digitales\" srcset=\"https:\/\/cityadpro.com\/wp-content\/uploads\/2022\/01\/pantallas-digitales-tu-beneficios-739-300x169.jpeg 300w, https:\/\/cityadpro.com\/wp-content\/uploads\/2022\/01\/pantallas-digitales-tu-beneficios-739-768x432.jpeg 768w, https:\/\/cityadpro.com\/wp-content\/uploads\/2022\/01\/pantallas-digitales-tu-beneficios-739-600x338.jpeg 600w, https:\/\/cityadpro.com\/wp-content\/uploads\/2022\/01\/pantallas-digitales-tu-beneficios-739.jpeg 1000w\" sizes=\"(max-width: 300px) 100vw, 300px\" \/> <span class=\"raven-post-image-overlay\"><\/span><\/a>\t\t<\/div>\n\t\t\t\t\t\t<div class=\"raven-post-content\">\n\t\t\t\t\t<h3 class=\"raven-post-title\"><a class=\"raven-post-title-link\" href=\"https:\/\/cityadpro.com\/en\/2022\/01\/24\/pantallas-digitales-2\/\">Pantallas digitales en tu restaurante: beneficios<\/a><\/h3>\t\t<div class=\"raven-post-meta\"><a class=\"raven-post-meta-item raven-post-date\" href=\"https:\/\/cityadpro.com\/en\/2022\/01\/\" rel=\"bookmark\">24\/01\/2022<\/a>\n<span class=\"raven-post-meta-divider\">\/<\/span>\n<span class=\"raven-post-meta-item raven-post-tags\"><a href=\"https:\/\/cityadpro.com\/en\/tag\/restaurantes\/\" rel=\"tag\">restaurantes<\/a>, <a href=\"https:\/\/cityadpro.com\/en\/tag\/software-de-gestion\/\" rel=\"tag\">software de gesti\u00f3n<\/a>, <a href=\"https:\/\/cityadpro.com\/en\/tag\/ventajas-de-cityad-pro\/\" rel=\"tag\">ventajas de CityAD Pro<\/a><\/span><\/div>\n\t\t<div class=\"raven-post-excerpt\">Se suele decir que la comida nos entra por los ojos, de ah\u00ed que en el sector de<\/div>\t\t<div class=\"raven-post-read-more\">\n\t\t\t<a class=\"raven-post-button\" href=\"https:\/\/cityadpro.com\/en\/2022\/01\/24\/pantallas-digitales-2\/\"><span class=\"raven-post-button-text\">Read More<\/span><\/a>\n\t\t<\/div>\n\t\t\t\t\t\t<\/div>\n\t\t\t<\/div>\n\t\t<\/div>\n\t\t\t\t<\/div>\n\t\t<span class=\"raven-infinite-load\"><\/span>\t\t\t\t<\/div>\n\t\t\t\t<\/div>\n\t\t\t\t\t<\/div>\n\t\t<\/div>\n\t\t\t\t\t<\/div>\n\t\t<\/section>\n\t\t\t\t<section class=\"elementor-section elementor-top-section elementor-element elementor-element-07bd574 elementor-section-boxed elementor-section-height-default elementor-section-height-default\" data-id=\"07bd574\" data-element_type=\"section\" data-settings=\"{&quot;jet_parallax_layout_list&quot;:[]}\">\n\t\t\t\t\t\t<div class=\"elementor-container elementor-column-gap-default\">\n\t\t\t\t\t<div class=\"elementor-column elementor-col-100 elementor-top-column elementor-element elementor-element-3429e3f\" data-id=\"3429e3f\" data-element_type=\"column\">\n\t\t\t<div class=\"elementor-widget-wrap elementor-element-populated\">\n\t\t\t\t\t\t<div class=\"elementor-element elementor-element-b2d1d5c e-grid-align-mobile-center elementor-shape-rounded elementor-grid-0 e-grid-align-center elementor-widget elementor-widget-social-icons\" data-id=\"b2d1d5c\" data-element_type=\"widget\" data-widget_type=\"social-icons.default\">\n\t\t\t\t<div class=\"elementor-widget-container\">\n\t\t\t\t\t\t\t<div class=\"elementor-social-icons-wrapper elementor-grid\" role=\"list\">\n\t\t\t\t\t\t\t<span class=\"elementor-grid-item\" role=\"listitem\">\n\t\t\t\t\t<a class=\"elementor-icon elementor-social-icon elementor-social-icon-facebook-f elementor-animation-shrink elementor-repeater-item-3325600\" href=\"https:\/\/www.facebook.com\/cityadprosignage\" target=\"_blank\" rel=\"noopener\">\n\t\t\t\t\t\t<span class=\"elementor-screen-only\">Facebook-f<\/span>\n\t\t\t\t\t\t<i aria-hidden=\"true\" class=\"fab fa-facebook-f\"><\/i>\t\t\t\t\t<\/a>\n\t\t\t\t<\/span>\n\t\t\t\t\t\t\t<span class=\"elementor-grid-item\" role=\"listitem\">\n\t\t\t\t\t<a class=\"elementor-icon elementor-social-icon elementor-social-icon-instagram elementor-animation-shrink elementor-repeater-item-1fc6ed3\" href=\"https:\/\/www.instagram.com\/cityadpro\/\" target=\"_blank\" rel=\"noopener\">\n\t\t\t\t\t\t<span class=\"elementor-screen-only\">Instagram<\/span>\n\t\t\t\t\t\t<i aria-hidden=\"true\" class=\"fab fa-instagram\"><\/i>\t\t\t\t\t<\/a>\n\t\t\t\t<\/span>\n\t\t\t\t\t\t\t<span class=\"elementor-grid-item\" role=\"listitem\">\n\t\t\t\t\t<a class=\"elementor-icon elementor-social-icon elementor-social-icon-linkedin elementor-animation-shrink elementor-repeater-item-867f824\" href=\"https:\/\/www.linkedin.com\/company\/cityad-pro\" target=\"_blank\" rel=\"noopener\">\n\t\t\t\t\t\t<span class=\"elementor-screen-only\">Linkedin<\/span>\n\t\t\t\t\t\t<i aria-hidden=\"true\" class=\"fab fa-linkedin\"><\/i>\t\t\t\t\t<\/a>\n\t\t\t\t<\/span>\n\t\t\t\t\t<\/div>\n\t\t\t\t\t\t<\/div>\n\t\t\t\t<\/div>\n\t\t\t\t\t<\/div>\n\t\t<\/div>\n\t\t\t\t\t<\/div>\n\t\t<\/section>\n\t\t\t\t<\/div>","protected":false},"excerpt":{"rendered":"<p>Nuestro Blog Descubre art\u00edculos y noticias sobre carteler\u00eda digital, tips y consejos sobre c\u00f3mo crear y gestionar el contenido de tus pantallas publicitarias, ideas y novedades del sector. C\u00f3mo generar m\u00e1s engagement con tus clientes con CityAD Pro 28\/02\/2022 \/ engagement, marketing digital La experiencia del cliente es un factor determinante en la actualidad para [&hellip;]<\/p>","protected":false},"author":1,"featured_media":0,"parent":0,"menu_order":0,"comment_status":"closed","ping_status":"closed","template":"elementor_header_footer","meta":{"_acf_changed":false,"footnotes":""},"class_list":["post-1841","page","type-page","status-publish","hentry"],"acf":[],"_links":{"self":[{"href":"https:\/\/cityadpro.com\/en\/wp-json\/wp\/v2\/pages\/1841","targetHints":{"allow":["GET"]}}],"collection":[{"href":"https:\/\/cityadpro.com\/en\/wp-json\/wp\/v2\/pages"}],"about":[{"href":"https:\/\/cityadpro.com\/en\/wp-json\/wp\/v2\/types\/page"}],"author":[{"embeddable":true,"href":"https:\/\/cityadpro.com\/en\/wp-json\/wp\/v2\/users\/1"}],"replies":[{"embeddable":true,"href":"https:\/\/cityadpro.com\/en\/wp-json\/wp\/v2\/comments?post=1841"}],"version-history":[{"count":68,"href":"https:\/\/cityadpro.com\/en\/wp-json\/wp\/v2\/pages\/1841\/revisions"}],"predecessor-version":[{"id":3197,"href":"https:\/\/cityadpro.com\/en\/wp-json\/wp\/v2\/pages\/1841\/revisions\/3197"}],"wp:attachment":[{"href":"https:\/\/cityadpro.com\/en\/wp-json\/wp\/v2\/media?parent=1841"}],"curies":[{"name":"wp","href":"https:\/\/api.w.org\/{rel}","templated":true}]}}